{"id":2736,"date":"2016-02-13T18:46:14","date_gmt":"2016-02-13T18:46:14","guid":{"rendered":"https:\/\/www.garnigarten.it\/come-arrivare-milano-marittima\/"},"modified":"2024-11-19T10:59:35","modified_gmt":"2024-11-19T10:59:35","slug":"wie-erreicht-man-milano-marittima","status":"publish","type":"page","link":"https:\/\/www.garnigarten.it\/de\/wie-erreicht-man-milano-marittima\/","title":{"rendered":"Wie erreicht man Milano Marittima"},"content":{"rendered":"<section class=\"l-section wpb_row us_custom_33fe73d0 height_medium width_full\"><div class=\"l-section-h i-cf\"><div class=\"g-cols vc_row via_flex valign_top type_default stacking_default\"><div class=\"vc_col-sm-12 wpb_column vc_column_container\"><div class=\"vc_column-inner\"><div class=\"wpb_wrapper\">[vc_raw_html]JTNDaWZyYW1lJTIwc3JjJTNEJTIyaHR0cHMlM0ElMkYlMkZ3d3cuZ29vZ2xlLmNvbSUyRm1hcHMlMkZlbWJlZCUzRnBiJTNEJTIxMW0xNCUyMTFtOCUyMTFtMyUyMTFkMTE0MjQuNDc1NjY4NDczNTIyJTIxMmQxMi4zNDg0MDgyJTIxM2Q0NC4yODY5NDMyJTIxM20yJTIxMWkxMDI0JTIxMmk3NjglMjE0ZjEzLjElMjEzbTMlMjExbTIlMjExczB4MCUyNTNBMHhmY2M2MDBkYTkyOWYxNDc3JTIxMnNHYXJuJTI1QzMlMjVBQyUyNTIwR2FydGVuJTIxNWUwJTIxM20yJTIxMXNpdCUyMTJzaXQlMjE0djE1NzQ4NTE3MjQ0NDMlMjE1bTIlMjExc2l0JTIxMnNpdCUyMiUyMHdpZHRoJTNEJTIyMTAwJTI1JTIyJTIwaGVpZ2h0JTNEJTIyNDUwJTIyJTIwZnJhbWVib3JkZXIlM0QlMjIwJTIyJTIwc3R5bGUlM0QlMjJib3JkZXIlM0EwJTNCJTIyJTIwYWxsb3dmdWxsc2NyZWVuJTNEJTIyJTIyJTNFJTNDJTJGaWZyYW1lJTNF[\/vc_raw_html]<\/div><\/div><\/div><\/div><\/div><\/section><section class=\"l-section wpb_row height_medium color_alternate\"><div class=\"l-section-h i-cf\"><div class=\"g-cols vc_row via_flex valign_top type_default stacking_default\"><div class=\"vc_col-sm-12 wpb_column vc_column_container\"><div class=\"vc_column-inner\"><div class=\"wpb_wrapper\">[vc_custom_heading text=&#8220;Wie erreicht man Milano Marittima&#8220; font_container=&#8220;tag:h2|font_size:52|text_align:center|color:%23599e41&#8243; google_fonts=&#8220;font_family:Raleway%3A100%2C200%2C300%2Cregular%2C500%2C600%2C700%2C800%2C900|font_style:200%20light%20regular%3A200%3Anormal&#8220; css=&#8220;%7B%22default%22%3A%7B%22color%22%3A%22%23599e41%22%2C%22font-size%22%3A%2252%22%7D%7D&#8220;]<div class=\"g-cols wpb_row via_flex valign_top type_default stacking_default\"><div class=\"vc_col-sm-4 wpb_column vc_column_container\"><div class=\"vc_column-inner\"><div class=\"wpb_wrapper\"><div class=\"aio-icon-component    style_1\"><div id=\"Info-box-wrap-9657\" class=\"aio-icon-box left-icon\" style=\"\"  ><div class=\"aio-icon-left\"><div class=\"ult-just-icon-wrapper  \"><div class=\"align-icon\" style=\"text-align:center;\">\n<div class=\"aio-icon square \"  style=\"color:#b4b5aa;background:#ffffff;font-size:40px;display:inline-block;\">\n\t<i class=\"Defaults-automobile car\"><\/i>\n<\/div><\/div><\/div><\/div><div class=\"aio-ibd-block\"><div class=\"aio-icon-header\" ><h3 class=\"aio-icon-title ult-responsive\"  data-ultimate-target='#Info-box-wrap-9657 .aio-icon-title'  data-responsive-json-new='{\"font-size\":\"\",\"line-height\":\"\"}'  style=\"\">Mit dem Auto<\/h3><\/div> <!-- header --><\/div> <!-- aio-ibd-block --><\/div> <!-- aio-icon-box --><\/div> <!-- aio-icon-component --><div class=\"wpb_text_column\"><div class=\"wpb_wrapper\"><p>Autobahn A14 von Nord nach S\u00fcd: Ausfahrt CESENA.<\/p>\n<\/div><\/div><\/div><\/div><\/div><div class=\"vc_col-sm-4 wpb_column vc_column_container\"><div class=\"vc_column-inner\"><div class=\"wpb_wrapper\"><div class=\"aio-icon-component    style_1\"><div id=\"Info-box-wrap-4302\" class=\"aio-icon-box left-icon\" style=\"\"  ><div class=\"aio-icon-left\"><div class=\"ult-just-icon-wrapper  \"><div class=\"align-icon\" style=\"text-align:center;\">\n<div class=\"aio-icon square \"  style=\"color:#b4b5aa;background:#ffffff;font-size:40px;display:inline-block;\">\n\t<i class=\"Defaults-train\"><\/i>\n<\/div><\/div><\/div><\/div><div class=\"aio-ibd-block\"><div class=\"aio-icon-header\" ><h3 class=\"aio-icon-title ult-responsive\"  data-ultimate-target='#Info-box-wrap-4302 .aio-icon-title'  data-responsive-json-new='{\"font-size\":\"\",\"line-height\":\"\"}'  style=\"\">Mit dem Zug<\/h3><\/div> <!-- header --><\/div> <!-- aio-ibd-block --><\/div> <!-- aio-icon-box --><\/div> <!-- aio-icon-component --><div class=\"wpb_text_column\"><div class=\"wpb_wrapper\"><p>Zugstrecke Ravenna Rimini: Bahnhof Cervia-Milano Marittima oder Zugstrecke Mailand-Bari: Bahnhof Cesena. Bei einem Aufenthalt von mindestens 7 Tagen gratis Transfer vom Bahnhof Cesena.<\/p>\n<\/div><\/div><\/div><\/div><\/div><div class=\"vc_col-sm-4 wpb_column vc_column_container\"><div class=\"vc_column-inner\"><div class=\"wpb_wrapper\"><div class=\"aio-icon-component    style_1\"><div id=\"Info-box-wrap-8057\" class=\"aio-icon-box left-icon\" style=\"\"  ><div class=\"aio-icon-left\"><div class=\"ult-just-icon-wrapper  \"><div class=\"align-icon\" style=\"text-align:center;\">\n<div class=\"aio-icon square \"  style=\"color:#b4b5aa;background:#ffffff;font-size:40px;display:inline-block;\">\n\t<i class=\"Defaults-plane\"><\/i>\n<\/div><\/div><\/div><\/div><div class=\"aio-ibd-block\"><div class=\"aio-icon-header\" ><h3 class=\"aio-icon-title ult-responsive\"  data-ultimate-target='#Info-box-wrap-8057 .aio-icon-title'  data-responsive-json-new='{\"font-size\":\"\",\"line-height\":\"\"}'  style=\"\">Mit dem Flugzeug<\/h3><\/div> <!-- header --><\/div> <!-- aio-ibd-block --><\/div> <!-- aio-icon-box --><\/div> <!-- aio-icon-component --><div class=\"wpb_text_column\"><div class=\"wpb_wrapper\"><p>Flughafen G.Marconi Bologna, danach kann das Meuble mit dem Zug erreicht werden.<\/p>\n<\/div><\/div><\/div><\/div><\/div><\/div><\/div><\/div><\/div><\/div><\/div><\/section><section class=\"l-section wpb_row us_custom_da6da72d height_medium\"><div class=\"l-section-h i-cf\"><div class=\"g-cols vc_row via_flex valign_top type_default stacking_default\"><div class=\"vc_col-sm-6 wpb_column vc_column_container\"><div class=\"vc_column-inner\"><div class=\"wpb_wrapper\"><div class=\"wpb_text_column\"><div class=\"wpb_wrapper\"><p>Unsere Anlage liegt direkt in Mitten des Pinienhains und des Strandes Rosen Beach, der sich ebenfalls in unserem Besitz befindet. Das Meubl\u00e8 zeichnet sich durch einen gro\u00dfen Garten aus, der es umgibt. Im Garten befinden sich ein Spielbereich, ein beheiztes Schwimmbad sowie ein Relaxbereich, wo man trinken, plaudern oder lesen kann. Die Schlafzimmer sind mit jedem Komfort ausgestattet.<\/p>\n<p><strong>POSITION: <span style=\"color: #599e41;\">IN DER N\u00c4HE DES STRANDES VON MILANO MARITTIMA<\/span><\/strong><\/p>\n<p>Das Meubl\u00e8 Rosen Garden befindet sich nur wenige Schritte vom Strand und dem gr\u00fcnen Pinienhain entfernt und ist ein idealer Ort f\u00fcr Exkursionen (zu Fu\u00df oder mit dem Rad). Nur wenige Minuten entfernt befindet sich das touristische Zentrum von Milano Marittima und der Themenpark CerviAvventura mit Tieren sowie Spiel- und Lehrparcours.<\/p>\n<p>Die Wi-fi Verbindung ist \u00fcberall im Meubl\u00e8 sowie im Garten vorhanden. Jeden Sonntags werden Aperitifs organisiert. F\u00fcr unsere kleinen G\u00e4ste gibt es neben dem Spielbereich: Baby-Sitter gegen Bezahlung und Kinderw\u00e4gen zum Ausleihen. Im Badebereich des Rosen Beach, der ebenfalls Teil unserer Anlage ist, sind jederzeit Sonnenschirme und Liegen vorhanden und die Rezeption ist 24 Stunden lang ge\u00f6ffnet.<\/p>\n<\/div><\/div><\/div><\/div><\/div><div class=\"vc_col-sm-6 wpb_column vc_column_container\"><div class=\"vc_column-inner\"><div class=\"wpb_wrapper\"><div class=\"w-image align_none\"><a ref=\"magnificPopup\" href=\"https:\/\/www.garnigarten.it\/wp-content\/uploads\/2016\/02\/piscina-hotel-milano-marittima.jpg\" aria-label=\"piscina-hotel-milano-marittima\" class=\"w-image-h\"><img decoding=\"async\" width=\"1024\" height=\"828\" src=\"https:\/\/www.garnigarten.it\/wp-content\/uploads\/2016\/02\/piscina-hotel-milano-marittima-1024x828.jpg\" class=\"attachment-large size-large\" alt=\"\" loading=\"lazy\" srcset=\"https:\/\/www.garnigarten.it\/wp-content\/uploads\/2016\/02\/piscina-hotel-milano-marittima-1024x828.jpg 1024w, https:\/\/www.garnigarten.it\/wp-content\/uploads\/2016\/02\/piscina-hotel-milano-marittima-300x243.jpg 300w, https:\/\/www.garnigarten.it\/wp-content\/uploads\/2016\/02\/piscina-hotel-milano-marittima-768x621.jpg 768w, https:\/\/www.garnigarten.it\/wp-content\/uploads\/2016\/02\/piscina-hotel-milano-marittima-600x485.jpg 600w, https:\/\/www.garnigarten.it\/wp-content\/uploads\/2016\/02\/piscina-hotel-milano-marittima.jpg 1417w\" sizes=\"auto, (max-width: 1024px) 100vw, 1024px\" \/><\/a><\/div><\/div><\/div><\/div><\/div><\/div><\/section>\n","protected":false},"excerpt":{"rendered":"[vc_raw_html]JTNDaWZyYW1lJTIwc3JjJTNEJTIyaHR0cHMlM0ElMkYlMkZ3d3cuZ29vZ2xlLmNvbSUyRm1hcHMlMkZlbWJlZCUzRnBiJTNEJTIxMW0xNCUyMTFtOCUyMTFtMyUyMTFkMTE0MjQuNDc1NjY4NDczNTIyJTIxMmQxMi4zNDg0MDgyJTIxM2Q0NC4yODY5NDMyJTIxM20yJTIxMWkxMDI0JTIxMmk3NjglMjE0ZjEzLjElMjEzbTMlMjExbTIlMjExczB4MCUyNTNBMHhmY2M2MDBkYTkyOWYxNDc3JTIxMnNHYXJuJTI1QzMlMjVBQyUyNTIwR2FydGVuJTIxNWUwJTIxM20yJTIxMXNpdCUyMTJzaXQlMjE0djE1NzQ4NTE3MjQ0NDMlMjE1bTIlMjExc2l0JTIxMnNpdCUyMiUyMHdpZHRoJTNEJTIyMTAwJTI1JTIyJTIwaGVpZ2h0JTNEJTIyNDUwJTIyJTIwZnJhbWVib3JkZXIlM0QlMjIwJTIyJTIwc3R5bGUlM0QlMjJib3JkZXIlM0EwJTNCJTIyJTIwYWxsb3dmdWxsc2NyZWVuJTNEJTIyJTIyJTNFJTNDJTJGaWZyYW1lJTNF[\/vc_raw_html][vc_custom_heading text=\"Wie erreicht man Milano Marittima\" font_container=\"tag:h2|font_size:52|text_align:center|color:%23599e41\" google_fonts=\"font_family:Raleway%3A100%2C200%2C300%2Cregular%2C500%2C600%2C700%2C800%2C900|font_style:200%20light%20regular%3A200%3Anormal\" css=\"%7B%22default%22%3A%7B%22color%22%3A%22%23599e41%22%2C%22font-size%22%3A%2252%22%7D%7D\"] Mit dem Auto Autobahn A14 von Nord nach S\u00fcd: Ausfahrt CESENA. Mit dem Zug Zugstrecke Ravenna Rimini: Bahnhof Cervia-Milano Marittima oder Zugstrecke Mailand-Bari: Bahnhof Cesena. Bei einem Aufenthalt von mindestens 7 Tagen gratis Transfer vom Bahnhof Cesena. Mit dem Flugzeug Flughafen G.Marconi Bologna, danach kann das...","protected":false},"author":1,"featured_media":0,"parent":0,"menu_order":0,"comment_status":"closed","ping_status":"closed","template":"","meta":{"footnotes":""},"class_list":["post-2736","page","type-page","status-publish","hentry"],"yoast_head":"<!-- This site is optimized with the Yoast SEO plugin v27.4 - https:\/\/yoast.com\/product\/yoast-seo-wordpress\/ -->\n<title>Wie erreicht man Milano Marittima<\/title>\n<meta name=\"description\" content=\"Wie erreicht man Milano Marittima: Mit dem Auto, Zug oder Flugzeug\" \/>\n<meta name=\"robots\" content=\"index, follow, max-snippet:-1, max-image-preview:large, max-video-preview:-1\" \/>\n<link rel=\"canonical\" href=\"https:\/\/www.garnigarten.it\/de\/wie-erreicht-man-milano-marittima\/\" \/>\n<meta property=\"og:locale\" content=\"de_DE\" \/>\n<meta property=\"og:type\" content=\"article\" \/>\n<meta property=\"og:title\" content=\"Wie erreicht man Milano Marittima\" \/>\n<meta property=\"og:description\" content=\"Wie erreicht man Milano Marittima: Mit dem Auto, Zug oder Flugzeug\" \/>\n<meta property=\"og:url\" content=\"https:\/\/www.garnigarten.it\/de\/wie-erreicht-man-milano-marittima\/\" \/>\n<meta property=\"og:site_name\" content=\"Garni Garten Milano Marittima\" \/>\n<meta property=\"article:modified_time\" content=\"2024-11-19T10:59:35+00:00\" \/>\n<meta name=\"twitter:card\" content=\"summary_large_image\" \/>\n<meta name=\"twitter:label1\" content=\"Gesch\u00e4tzte Lesezeit\" \/>\n\t<meta name=\"twitter:data1\" content=\"2\u00a0Minuten\" \/>\n<script type=\"application\/ld+json\" class=\"yoast-schema-graph\">{\"@context\":\"https:\\\/\\\/schema.org\",\"@graph\":[{\"@type\":\"WebPage\",\"@id\":\"https:\\\/\\\/www.garnigarten.it\\\/de\\\/wie-erreicht-man-milano-marittima\\\/\",\"url\":\"https:\\\/\\\/www.garnigarten.it\\\/de\\\/wie-erreicht-man-milano-marittima\\\/\",\"name\":\"Wie erreicht man Milano Marittima\",\"isPartOf\":{\"@id\":\"https:\\\/\\\/www.garnigarten.it\\\/de\\\/#website\"},\"datePublished\":\"2016-02-13T18:46:14+00:00\",\"dateModified\":\"2024-11-19T10:59:35+00:00\",\"description\":\"Wie erreicht man Milano Marittima: Mit dem Auto, Zug oder Flugzeug\",\"breadcrumb\":{\"@id\":\"https:\\\/\\\/www.garnigarten.it\\\/de\\\/wie-erreicht-man-milano-marittima\\\/#breadcrumb\"},\"inLanguage\":\"de\",\"potentialAction\":[{\"@type\":\"ReadAction\",\"target\":[\"https:\\\/\\\/www.garnigarten.it\\\/de\\\/wie-erreicht-man-milano-marittima\\\/\"]}]},{\"@type\":\"BreadcrumbList\",\"@id\":\"https:\\\/\\\/www.garnigarten.it\\\/de\\\/wie-erreicht-man-milano-marittima\\\/#breadcrumb\",\"itemListElement\":[{\"@type\":\"ListItem\",\"position\":1,\"name\":\"Home\",\"item\":\"https:\\\/\\\/www.garnigarten.it\\\/de\\\/\"},{\"@type\":\"ListItem\",\"position\":2,\"name\":\"Wie erreicht man Milano Marittima\"}]},{\"@type\":\"WebSite\",\"@id\":\"https:\\\/\\\/www.garnigarten.it\\\/de\\\/#website\",\"url\":\"https:\\\/\\\/www.garnigarten.it\\\/de\\\/\",\"name\":\"Garni Garten Milano Marittima\",\"description\":\"\",\"potentialAction\":[{\"@type\":\"SearchAction\",\"target\":{\"@type\":\"EntryPoint\",\"urlTemplate\":\"https:\\\/\\\/www.garnigarten.it\\\/de\\\/?s={search_term_string}\"},\"query-input\":{\"@type\":\"PropertyValueSpecification\",\"valueRequired\":true,\"valueName\":\"search_term_string\"}}],\"inLanguage\":\"de\"}]}<\/script>\n<!-- \/ Yoast SEO plugin. -->","yoast_head_json":{"title":"Wie erreicht man Milano Marittima","description":"Wie erreicht man Milano Marittima: Mit dem Auto, Zug oder Flugzeug","robots":{"index":"index","follow":"follow","max-snippet":"max-snippet:-1","max-image-preview":"max-image-preview:large","max-video-preview":"max-video-preview:-1"},"canonical":"https:\/\/www.garnigarten.it\/de\/wie-erreicht-man-milano-marittima\/","og_locale":"de_DE","og_type":"article","og_title":"Wie erreicht man Milano Marittima","og_description":"Wie erreicht man Milano Marittima: Mit dem Auto, Zug oder Flugzeug","og_url":"https:\/\/www.garnigarten.it\/de\/wie-erreicht-man-milano-marittima\/","og_site_name":"Garni Garten Milano Marittima","article_modified_time":"2024-11-19T10:59:35+00:00","twitter_card":"summary_large_image","twitter_misc":{"Gesch\u00e4tzte Lesezeit":"2\u00a0Minuten"},"schema":{"@context":"https:\/\/schema.org","@graph":[{"@type":"WebPage","@id":"https:\/\/www.garnigarten.it\/de\/wie-erreicht-man-milano-marittima\/","url":"https:\/\/www.garnigarten.it\/de\/wie-erreicht-man-milano-marittima\/","name":"Wie erreicht man Milano Marittima","isPartOf":{"@id":"https:\/\/www.garnigarten.it\/de\/#website"},"datePublished":"2016-02-13T18:46:14+00:00","dateModified":"2024-11-19T10:59:35+00:00","description":"Wie erreicht man Milano Marittima: Mit dem Auto, Zug oder Flugzeug","breadcrumb":{"@id":"https:\/\/www.garnigarten.it\/de\/wie-erreicht-man-milano-marittima\/#breadcrumb"},"inLanguage":"de","potentialAction":[{"@type":"ReadAction","target":["https:\/\/www.garnigarten.it\/de\/wie-erreicht-man-milano-marittima\/"]}]},{"@type":"BreadcrumbList","@id":"https:\/\/www.garnigarten.it\/de\/wie-erreicht-man-milano-marittima\/#breadcrumb","itemListElement":[{"@type":"ListItem","position":1,"name":"Home","item":"https:\/\/www.garnigarten.it\/de\/"},{"@type":"ListItem","position":2,"name":"Wie erreicht man Milano Marittima"}]},{"@type":"WebSite","@id":"https:\/\/www.garnigarten.it\/de\/#website","url":"https:\/\/www.garnigarten.it\/de\/","name":"Garni Garten Milano Marittima","description":"","potentialAction":[{"@type":"SearchAction","target":{"@type":"EntryPoint","urlTemplate":"https:\/\/www.garnigarten.it\/de\/?s={search_term_string}"},"query-input":{"@type":"PropertyValueSpecification","valueRequired":true,"valueName":"search_term_string"}}],"inLanguage":"de"}]}},"_links":{"self":[{"href":"https:\/\/www.garnigarten.it\/de\/wp-json\/wp\/v2\/pages\/2736","targetHints":{"allow":["GET"]}}],"collection":[{"href":"https:\/\/www.garnigarten.it\/de\/wp-json\/wp\/v2\/pages"}],"about":[{"href":"https:\/\/www.garnigarten.it\/de\/wp-json\/wp\/v2\/types\/page"}],"author":[{"embeddable":true,"href":"https:\/\/www.garnigarten.it\/de\/wp-json\/wp\/v2\/users\/1"}],"replies":[{"embeddable":true,"href":"https:\/\/www.garnigarten.it\/de\/wp-json\/wp\/v2\/comments?post=2736"}],"version-history":[{"count":3,"href":"https:\/\/www.garnigarten.it\/de\/wp-json\/wp\/v2\/pages\/2736\/revisions"}],"predecessor-version":[{"id":2742,"href":"https:\/\/www.garnigarten.it\/de\/wp-json\/wp\/v2\/pages\/2736\/revisions\/2742"}],"wp:attachment":[{"href":"https:\/\/www.garnigarten.it\/de\/wp-json\/wp\/v2\/media?parent=2736"}],"curies":[{"name":"wp","href":"https:\/\/api.w.org\/{rel}","templated":true}]}}