{"id":1597,"date":"2019-11-27T09:43:05","date_gmt":"2019-11-27T09:43:05","guid":{"rendered":"https:\/\/www.garnigarten.it\/?page_id=1597"},"modified":"2019-11-27T09:45:08","modified_gmt":"2019-11-27T09:45:08","slug":"cookies","status":"publish","type":"page","link":"https:\/\/www.garnigarten.it\/en\/cookies\/","title":{"rendered":"Cookies"},"content":{"rendered":"<section class=\"l-section wpb_row height_medium\"><div class=\"l-section-h i-cf\"><div class=\"g-cols vc_row via_flex valign_top type_default stacking_default\"><\/div><\/div><\/section><section class=\"l-section wpb_row height_medium\"><div class=\"l-section-h i-cf\"><div class=\"g-cols vc_row via_flex valign_top type_default stacking_default\"><div class=\"vc_col-sm-12 wpb_column vc_column_container\"><div class=\"vc_column-inner\"><div class=\"wpb_wrapper\">[vc_custom_heading text=&#8221;Cookies&#8221; google_fonts=&#8221;font_family:Raleway%3A100%2C200%2C300%2Cregular%2C500%2C600%2C700%2C800%2C900|font_style:500%20bold%20regular%3A500%3Anormal&#8221; el_id=&#8221;&#8221;]<div class=\"wpb_text_column\"><div class=\"wpb_wrapper\"><p>COOKIES<br \/>\nCi impegniamo a proteggere le tue informazioni personali e questo documento si propone di aiutare a capire quali sono le informazioni che potremmo raccogliere su di te e come le usiamo.<\/p>\n<p>CHE COSA SONO I COOKIES E COME LI UTILIZZIAMO<br \/>\nUn cookie \u00e8 un semplice file di testo che viene memorizzato sul tuo computer o dispositivo mobile dal server di un sito web e che solo quel server sar\u00e0 in grado di recuperare o leggerne il contenuto. Esso contiene alcune informazioni anonime e permette al sito web di ricordare, ad esempio, le tue preferenze o cosa c\u2019\u00e8 nel tuo carrello. In seguito a modifiche alla Privacy derivanti dalla Direttiva sulle Comunicazioni Elettroniche, l\u2019utilizzo dei cookies per raccogliere i tuoi dati \u00e8 ammesso solo con il consenso. Le modifiche apportate hanno lo scopo di rendere pi\u00f9 facile il venire a conoscenza e controllare quali informazioni i siti conservano su di te.<\/p>\n<p>PERCH\u00c9 USIAMO I COOKIES<br \/>\nIl sito potrebbe utilizzare i cookies per diversi motivi. In alcune parti del nostro sito i cookies sono essenziali e senza di essi non saresti in grado di utilizzare i nostri servizi.<br \/>\nSiamo sempre alla ricerca di modi per migliorare il nostro sito internet e per rendere pi\u00f9 facile la conoscenza dei nostri servizi. Per fare ci\u00f2 per noi \u00e8 importante capire come si utilizzano i nostri servizi e siti. I cookies ci aiutano anche a fornirti un\u2019esperienza migliore e pi\u00f9 ricca, per esempio, suggerendoti prodotti che ti interessano: i cookies facilitano questa operazione. Invece di un elenco molto lungo, abbiamo classificato i cookies che usiamo in base al loro tipo di utilizzo e li classifichiamo come: essenziali, funzionali, statistici, comportamentali, di terza parte.<\/p>\n<p>TIPOLOGIE DI COOKIES<br \/>\na) Cookie essenziali<br \/>\nI cookies \u201cessenziali\u201d sono i cookies strettamente necessari per consentire apposite funzionalit\u00e0 richieste del sito web, quali ad esempio la login facilitata ai nostri servizi, non funzionano senza l\u2019uso di cookies e sarebbe condizionata non solo la tua esperienza sul sito, ma anche la capacit\u00e0 di fare qualcosa di utile. Senza questi cookie non potremmo fornire i servizi per i quali gli utenti accedono al sito. I cookies che sono essenziali per l\u2019utilizzo di un sito web sono esenti ai sensi della direttiva UE, ma noi desideriamo che tu abbia una completa informazione a riguardo.<\/p>\n<p>b) Cookie tecnici essenziali per statistiche e analisi delle prestazioni<br \/>\nQuesti cookie ci permettono di sapere in che modo i visitatori utilizzano il sito, per poterne cos\u00ec valutare e migliorare il funzionamento e privilegiare la produzione di contenuti che meglio incontrano i bisogni informativi dei nostri utenti. Ad esempio, consentono di sapere quali sono le pagine pi\u00f9 e meno frequentate. Tengono conto, tra le altre cose, del numero di visitatori, del tempo trascorso sul sito dalla media degli utenti e delle modalit\u00e0 di arrivo di questi. In questo modo, possiamo sapere che cosa funziona bene e che cosa migliorare, oltre ad assicurarci che le pagine si carichino velocemente e siano visualizzate correttamente. Tutte le informazioni raccolte da questi cookie sono anonime e non collegate ai dati personali dell\u2019utente. Per eseguire queste funzioni nei nostri siti utilizziamo i servizi di terze parti che anonimizzano i dati rendendoli non riconducibili a singoli individui (cosiddetto \u201csingle-in\u201d). Laddove siano presenti servizi non completamente anonimizzati, li troverai elencati tra i cookie di terze parti per i quali \u00e8 possibile negare il consenso, a garanzia della tua privacy.<\/p>\n<p>Appartengono a questa categoria i cookie analitici opportunamente anonimizzati. Questo sito, in particolare, fa uso dei seguenti prodotti:<br \/>\nAnalytics per le statistiche di accesso e traffico a uso interno INFORMATIVA<\/p>\n<p>c) Cookie per la profilazione dell\u2019utente<br \/>\nQuesti cookie consentono di offrire annunci relativi all\u2019utente e ai rispettivi interessi. Vengono inoltre utilizzati per limitare il numero di visualizzazioni di un medesimo annuncio e per valutare l\u2019efficacia delle campagne pubblicitarie. Vengono inseriti per mezzo di piattaforme tecniche partner del nostro circuito pubblicitario. Possono essere utilizzati anche per mostrare all\u2019utente annunci pertinenti su altri siti Web visitati.<br \/>\nQuesti cookie vengono integrati nelle pagine e nei prodotti da GarniGarten.it la quale, nel rispetto delle normative vigenti, offre in questa Informativa gli strumenti per l\u2019esercizio dell\u2019opposizione selettiva al loro uso.<br \/>\nNello specifico GarniGarten.it fa uso di:<\/p>\n<p>Facebook limitatamente alle funzionalit\u00e0 di social login, \u201clike\u201d e condivisione dei contenuti di GarniGarten.it sul social network Facebook COOKIE POLICY<br \/>\nFacebook Ads, Il sito potrebbe utilizzare cookie di Facebook Inc. per monitorare l\u2019andamento delle campagne Facebook Ads ed eventuali azioni di remarketing COOKIE POLICY Rinuncia (opt-out)<br \/>\nYoutube e Vimeo , Nel sito potrebbero essere presenti video, pubblicati tramite la tecnologia di Youtube oppure Vimeo. Cookie Policy Vimeo oppure Youtube<br \/>\nHotjar, strumento che aiuta a migliorare la user experience del sito web. informativa sulla privacy e regolamentazione Gdpr.<br \/>\nMailUp, Il sito potrebbe utilizzare MailUp\u00ae (www.mailup.it), una soluzione professionale per gestire l\u2019invio di newsletter, di campagne di email marketing e di sms marketing, con le finalit\u00e0 di analizzare il traffico, ottimizzare i contenuti e la qualit\u00e0 dei messaggi inviati. Cookie policy<br \/>\nWordPress, CMS (content managemente system) per gestione siti web, cookie policy<br \/>\nPer gli utenti registrati vengono utilizzati i seguenti cookie:<br \/>\nwordpress_test_cookie: cookie di sessione (viene cancellato alla chiusura del browser) che verifica se il browser \u00e8 impostato per accogliere i cookie prima di potere accedere all\u2019area riservata<br \/>\nwordpress_xxxxx: cookie di sessione (viene cancellato alla chiusura del browser) utilizzato da WordPress per registrare i dati di autenticazione in modo criptato. Il suo utilizzo si limita alla zona di amministrazione del sito.<br \/>\nwordpress_logged_in_xxxxx: cookie di sessione (viene cancellato alla chiusura del browser) utilizzato da WordPress per indicare quando siete collegati e visualizzare la vostra identit\u00e0 sulle schermate<br \/>\nwp-settings-xxxxx,wp-settings-time-xxxxx: cookie persistenti (per un anno) utilizzati da WordPress per ricordare le vostre preferenze di visualizzazione dell\u2019area riservata e dell\u2019interfaccia del sito.<\/p>\n<p>d) Cookie funzionali e di profilazione di terze parti<br \/>\nIn questa categoria ricadono cookie erogati da soggetti terzi non direttamente controllati o controllabili da HotelAlbadoro.com.<\/p>\n<p>I cookie provenienti dai nostri partner consentono di offrire funzionalit\u00e0 avanzate, nonch\u00e9 maggiori informazioni e funzioni personali. Ci\u00f2 include la possibilit\u00e0 di condividere contenuti attraverso i social network, di accedere ai servizi di video-streaming sulle quali ospitiamo i nostri contenuti. Tali servizi sono principalmente forniti da operatori esterni ingaggiati o consapevolmente integrati da GarniGarten.it. Se si dispone di un account o se si utilizzano i servizi di tali soggetti su altri siti Web, questi potrebbero essere in grado di sapere che l\u2019utente ha visitato i nostri siti. L\u2019utilizzo dei dati raccolti da questi operatori esterni tramite cookie \u00e8 sottoposto alle rispettive politiche sulla privacy e pertanto si identificano tali cookie con i nomi dei rispettivi soggetti riportati nello strumento di gestione dei cookie disponibile nell\u2019apposita sezione di questa Informativa. Tra questi si annoverano i cookie registrati dai principali social network che Le consentono di condividere gli articoli dei nostri siti e di manifestare pubblicamente il gradimento per il nostro lavoro.<br \/>\nI cookie non provenienti da partner di GarniGarten.it, sono cookie veicolati senza il controllo di GarniGarten.it, da soggetti terzi che hanno modo di intercettare l\u2019utente durante la tua navigazione anche al di fuori dei siti GarniGarten.it. Questi cookie, tipicamente di profilazione, non sono direttamente controllabili da GarniGarten.it che non pu\u00f2 quindi garantire in merito all\u2019uso che i terzi titolari fanno delle informazioni raccolte. L\u2019opposizione all\u2019uso di tali cookie \u00e8 pertanto demandata a strumenti esterni o all\u2019azione diretta da parte tua sulle preferenze del tuo browser. Per i dettagli si veda la sezione GESTIONE DEI COOKIE.<\/p>\n<p>B. GESTIONE DEI COOKIE<br \/>\nNel caso in cui tu abbia dubbi o preoccupazioni in merito all\u2019utilizzo dei cookie ti \u00e8 sempre possibile intervenire per impedirne l\u2019impostazione e la lettura, ad esempio modificando le impostazioni sulla privacy all\u2019interno del tuo browser al fine di bloccarne determinati tipi o utilizzando i pulsanti di rifiuto che GarniGarten.it ti mette a disposizione in questa Informativa.<br \/>\nPoich\u00e9 ciascun browser \u2013 e spesso diverse versioni dello stesso browser \u2013 differiscono anche sensibilmente le une dalle altre se preferisce agire autonomamente mediante le preferenze del tuo browser pu\u00f2 trovare informazioni dettagliate sulla procedura necessaria nella guida del tuo browser. Per una panoramica delle modalit\u00e0 di azione per i browser pi\u00f9 comuni, pu\u00f2 visitare l\u2019indirizzo<br \/>\nhttp:\/\/www.cookiepedia.co.uk\/index.php?title=How_to_Manage_Cookies<\/p>\n<p>Le societ\u00e0 pubblicitarie consentono inoltre di rinunciare alla ricezione di annunci mirati, se lo si desidera. Ci\u00f2 non impedisce l\u2019impostazione dei cookie, ma interrompe l\u2019utilizzo e la raccolta di alcuni dati da parte di tali societ\u00e0.<br \/>\nPer maggiori informazioni e possibilit\u00e0 di rinuncia, visitare l\u2019indirizzo http:\/\/www.youronlinechoices.eu\/it\/<\/p>\n<p>C. ACCETTAZIONE O RIFIUTO DEI COOKIE<br \/>\nProseguendo nella navigazione su questo sito, chiudendo la fascetta informativa o facendo click in una qualsiasi parte della pagina o scorrendola per evidenziare ulteriore contenuto, poni in essere un atto manifesto e esplicito di accettazione della Cookie Policy di GarniGarten.it e verranno impostati e raccolti i cookie dei quali non si \u00e8 dichiarato il rifiuto. In caso di mancata accettazione dei cookie mediante abbandono della navigazione, eventuali cookie gi\u00e0 registrati localmente nel tuo browser rimarranno ivi registrati ma non saranno pi\u00f9 letti n\u00e9 utilizzati da GarniGarten.it fino ad una successiva ed eventuale accettazione della Policy. Tu avrai sempre la possibilit\u00e0 di rimuovere tali cookie in qualsiasi momento attraverso le modalit\u00e0 di cui ai siti citati nel paragrafo \u201cGestione dei cookie o mediante il sito http:\/\/www.youronlinechoices.eu\/it\/ per quelli non controllati da GarniGarten.it<\/p>\n<p>D. DURATA DEL TRATTAMENTO<br \/>\nI cookie gestiti da GarniGarten.it hanno una durata massima di 365 giorni, salvo rinnovi volontari da te effettuati reiterando il consenso.<br \/>\nI cookie di profilazione gestiti da GarniGarten.it sono anonimi e rimangono all\u2019interno dei sistemi statistici e delle piattaforme di profilazione per esclusive finalit\u00e0 statistiche anche se non pi\u00f9 riconducibili al tuo browser.<\/p>\n<p>I cookie gestiti da terze parti, hanno le durate indicate nelle rispettive Cookie Policy.<\/p>\n<p>E. DIRITTI DELL\u2019INTERESSATO<\/p>\n<p>Puoi esercitare il tuo diritto di opporti all\u2019uso integrale dei cookie abbandonando questo sito e rifiutando cos\u00ec anche l\u2019uso dei cookie tecnici essenziali necessari per il suo funzionamento.<br \/>\nSe intende invece rifiutare l\u2019uso di uno o pi\u00f9 cookie non essenziali, pu\u00f2 negare il consenso per i cookie gestiti da GarniGarten.it o da suoi partner direttamente da questa Informativa con i selettori di \u201crifiuto\u201d riportati accanto al nome del cookie o del suo fornitore.<\/p>\n<p>La rinuncia ai cookie di terze parti non governati da GarniGarten.it pu\u00f2 essere invece effettuata secondo le indicazioni disponibili sul sito http:\/\/www. youronlinechoices.eu\/it\/.<\/p>\n<p>Qualsiasi richiesta di informazioni o chiarimento o di esercizio dei diritti pu\u00f2 essere indirizzata al Responsabile del trattamento ai seguenti recapiti:<\/p>\n<p>Hotel Rosen Garden s.a.s di Pellacani Maurizio<br \/>\nViale due giugno 158<br \/>\n48015 Milano Marittima (Ra)<br \/>\nP.Iva 01089280398<br \/>\nCod fisc. 01089280398<\/p>\n<p>Inoltre, hai sempre il diritto di proporre reclamo all\u2019Autorit\u00e0 Garante per la Protezione dei dati Personali, contattabile all\u2019indirizzo garante@gpdp.it o mediante il sito http:\/\/www.gpdp.it.<\/p>\n<p>Elenco dei cookie che potrebbero essere usati da questo sito<br \/>\nPHPSESSID: Identificativo della sessione di navigazione. Tipo: tecnico. Durata: sessione di navigazione<br \/>\n__utm.gif: Utilizzato da Google Analytics. Tipo: statistico: Durata: sessione di navigazione.<br \/>\n__utma : Raccoglie dati sul numero di volte che un utente ha visitato il sito internet, oltre che i dati per la prima visita e la visita pi\u00f9 recente. Utilizzato da Google Analytics. Durata: 2 anni<br \/>\n__utmb : Registra l\u2019orario esatto di accesso al sito da parte dell\u2019utente. Utilizzato da Googlele Analytics per calcolare la durata di una visita al sito. Durata: sessione di navigazione.<br \/>\n__utmc: Registra l\u2019orario esatto di uscita dal sito da parte dell\u2019utente. Utilizzato da Google Analytics per calcolare la durata di una visita al sito. Durata: sessione di navigazione.<br \/>\n_utmt: Utilizzato per limitare la velocit\u00e0 delle richieste al sito web. Utilizzato da Google Analytics. Durata: sessione di navigazione.<br \/>\n__utmz: : Raccoglie dati su lla proven ien za dell\u2019u ten te, il motore di ricerca u tilizzato, il lin k cliccato e il termin e<br \/>\ndi ricerca u tilizzato. Utilizzato da Google An alytics. Durata: 6 mesi.<br \/>\n_hjIncludedInSample: : Determina se la navigazione dell\u2019utente deve essere registrata per fin i statistici. Hotjar. durata: sessione di navigazione.<br \/>\nads\/ga-audiences: Utilizzato da Google Analytics. Durata: sessione di navigazione<br \/>\n_cml_language : cookie di sessione (viene cancellato alla chiusura del browser) che imposta in automatico la lingua di visualizzazione del sito<br \/>\ncookie_notice_accepted: cookie persistente (per un anno) che viene salvato quando accettate la nostra politica di utilizzo dei cookie (clicando su \u201cAccetto\u201d nel banner). Questo cookie evita che si ripresenti il banner ad ogni accesso al nostro sito.<\/p>\n<p>COME POSSO DISABILITARE I COOKIES?<br \/>\nI cookies sono collegati al browser utilizzato e POSSONO ESSERE DISABILITATI DIRETTAMENTE DAL BROWSER, cos\u00ec rifiutando\/revocando il consenso all\u2019uso dei cookies. Occorre tenere presente che la disabilitazione dei cookies potrebbe impedire il corretto utilizzo di alcune funzioni del sito stesso. Le istruzioni per la disabilitazione dei cookies si trovano alle seguenti pagine web:<\/p>\n<p>Mozilla Firefox<br \/>\nhttps:\/\/support.mozilla.org\/it\/kb\/Attivare%20e%20disattivare%20i%20cookie<\/p>\n<p>Microsoft Internet Explorer<br \/>\nhttps:\/\/support.microsoft.com\/it-it\/help\/17442\/windows-internet-explorer-delete-manage-cookies<\/p>\n<p>Microsoft Edge<br \/>\nhttps:\/\/support.microsoft.com\/it-it\/help\/4027947\/windows-delete-cookies<\/p>\n<p>Google Chrome<br \/>\nhttps:\/\/support.google.com\/chrome\/answer\/95647?hl=it<\/p>\n<p>Opera<br \/>\nhttp:\/\/help.opera.com\/Windows\/10.00\/it\/cookies.html<\/p>\n<p>Apple Safari<br \/>\nhttp:\/\/support.apple.com\/kb\/HT1677?viewlocale=it_IT<\/p>\n<p>Inoltre, hai sempre il diritto di proporre reclamo all\u2019Autorit\u00e0 Garante per la Protezione dei dati Personali, contattabile all\u2019indirizzo garante@gpdp.it o mediante il sito http:\/\/www.gpdp.it.<\/p>\n<\/div><\/div><\/div><\/div><\/div><\/div><\/div><\/section>\n","protected":false},"excerpt":{"rendered":"[vc_custom_heading text=\"Cookies\" google_fonts=\"font_family:Raleway%3A100%2C200%2C300%2Cregular%2C500%2C600%2C700%2C800%2C900|font_style:500%20bold%20regular%3A500%3Anormal\" el_id=\"\"]COOKIES Ci impegniamo a proteggere le tue informazioni personali e questo documento si propone di aiutare a capire quali sono le informazioni che potremmo raccogliere su di te e come le usiamo. CHE COSA SONO I COOKIES E COME LI UTILIZZIAMO Un cookie \u00e8 un semplice file di testo che viene memorizzato...","protected":false},"author":2,"featured_media":0,"parent":0,"menu_order":0,"comment_status":"closed","ping_status":"closed","template":"","meta":{"footnotes":""},"class_list":["post-1597","page","type-page","status-publish","hentry"],"yoast_head":"<!-- This site is optimized with the Yoast SEO plugin v27.4 - https:\/\/yoast.com\/product\/yoast-seo-wordpress\/ -->\n<title>Cookies - Garni Garten Milano Marittima<\/title>\n<meta name=\"robots\" content=\"index, follow, max-snippet:-1, max-image-preview:large, max-video-preview:-1\" \/>\n<link rel=\"canonical\" href=\"https:\/\/www.garnigarten.it\/en\/cookies\/\" \/>\n<meta property=\"og:locale\" content=\"en_US\" \/>\n<meta property=\"og:type\" content=\"article\" \/>\n<meta property=\"og:title\" content=\"Cookies - Garni Garten Milano Marittima\" \/>\n<meta property=\"og:url\" content=\"https:\/\/www.garnigarten.it\/en\/cookies\/\" \/>\n<meta property=\"og:site_name\" content=\"Garni Garten Milano Marittima\" \/>\n<meta property=\"article:modified_time\" content=\"2019-11-27T09:45:08+00:00\" \/>\n<meta name=\"twitter:card\" content=\"summary_large_image\" \/>\n<meta name=\"twitter:label1\" content=\"Est. reading time\" \/>\n\t<meta name=\"twitter:data1\" content=\"12 minutes\" \/>\n<script type=\"application\/ld+json\" class=\"yoast-schema-graph\">{\"@context\":\"https:\\\/\\\/schema.org\",\"@graph\":[{\"@type\":\"WebPage\",\"@id\":\"https:\\\/\\\/www.garnigarten.it\\\/en\\\/cookies\\\/\",\"url\":\"https:\\\/\\\/www.garnigarten.it\\\/en\\\/cookies\\\/\",\"name\":\"Cookies - Garni Garten Milano Marittima\",\"isPartOf\":{\"@id\":\"https:\\\/\\\/www.garnigarten.it\\\/en\\\/#website\"},\"datePublished\":\"2019-11-27T09:43:05+00:00\",\"dateModified\":\"2019-11-27T09:45:08+00:00\",\"breadcrumb\":{\"@id\":\"https:\\\/\\\/www.garnigarten.it\\\/en\\\/cookies\\\/#breadcrumb\"},\"inLanguage\":\"en-US\",\"potentialAction\":[{\"@type\":\"ReadAction\",\"target\":[\"https:\\\/\\\/www.garnigarten.it\\\/en\\\/cookies\\\/\"]}]},{\"@type\":\"BreadcrumbList\",\"@id\":\"https:\\\/\\\/www.garnigarten.it\\\/en\\\/cookies\\\/#breadcrumb\",\"itemListElement\":[{\"@type\":\"ListItem\",\"position\":1,\"name\":\"Home\",\"item\":\"https:\\\/\\\/www.garnigarten.it\\\/en\\\/\"},{\"@type\":\"ListItem\",\"position\":2,\"name\":\"Cookies\"}]},{\"@type\":\"WebSite\",\"@id\":\"https:\\\/\\\/www.garnigarten.it\\\/en\\\/#website\",\"url\":\"https:\\\/\\\/www.garnigarten.it\\\/en\\\/\",\"name\":\"Garni Garten Milano Marittima\",\"description\":\"\",\"potentialAction\":[{\"@type\":\"SearchAction\",\"target\":{\"@type\":\"EntryPoint\",\"urlTemplate\":\"https:\\\/\\\/www.garnigarten.it\\\/en\\\/?s={search_term_string}\"},\"query-input\":{\"@type\":\"PropertyValueSpecification\",\"valueRequired\":true,\"valueName\":\"search_term_string\"}}],\"inLanguage\":\"en-US\"}]}<\/script>\n<!-- \/ Yoast SEO plugin. -->","yoast_head_json":{"title":"Cookies - Garni Garten Milano Marittima","robots":{"index":"index","follow":"follow","max-snippet":"max-snippet:-1","max-image-preview":"max-image-preview:large","max-video-preview":"max-video-preview:-1"},"canonical":"https:\/\/www.garnigarten.it\/en\/cookies\/","og_locale":"en_US","og_type":"article","og_title":"Cookies - Garni Garten Milano Marittima","og_url":"https:\/\/www.garnigarten.it\/en\/cookies\/","og_site_name":"Garni Garten Milano Marittima","article_modified_time":"2019-11-27T09:45:08+00:00","twitter_card":"summary_large_image","twitter_misc":{"Est. reading time":"12 minutes"},"schema":{"@context":"https:\/\/schema.org","@graph":[{"@type":"WebPage","@id":"https:\/\/www.garnigarten.it\/en\/cookies\/","url":"https:\/\/www.garnigarten.it\/en\/cookies\/","name":"Cookies - Garni Garten Milano Marittima","isPartOf":{"@id":"https:\/\/www.garnigarten.it\/en\/#website"},"datePublished":"2019-11-27T09:43:05+00:00","dateModified":"2019-11-27T09:45:08+00:00","breadcrumb":{"@id":"https:\/\/www.garnigarten.it\/en\/cookies\/#breadcrumb"},"inLanguage":"en-US","potentialAction":[{"@type":"ReadAction","target":["https:\/\/www.garnigarten.it\/en\/cookies\/"]}]},{"@type":"BreadcrumbList","@id":"https:\/\/www.garnigarten.it\/en\/cookies\/#breadcrumb","itemListElement":[{"@type":"ListItem","position":1,"name":"Home","item":"https:\/\/www.garnigarten.it\/en\/"},{"@type":"ListItem","position":2,"name":"Cookies"}]},{"@type":"WebSite","@id":"https:\/\/www.garnigarten.it\/en\/#website","url":"https:\/\/www.garnigarten.it\/en\/","name":"Garni Garten Milano Marittima","description":"","potentialAction":[{"@type":"SearchAction","target":{"@type":"EntryPoint","urlTemplate":"https:\/\/www.garnigarten.it\/en\/?s={search_term_string}"},"query-input":{"@type":"PropertyValueSpecification","valueRequired":true,"valueName":"search_term_string"}}],"inLanguage":"en-US"}]}},"_links":{"self":[{"href":"https:\/\/www.garnigarten.it\/en\/wp-json\/wp\/v2\/pages\/1597","targetHints":{"allow":["GET"]}}],"collection":[{"href":"https:\/\/www.garnigarten.it\/en\/wp-json\/wp\/v2\/pages"}],"about":[{"href":"https:\/\/www.garnigarten.it\/en\/wp-json\/wp\/v2\/types\/page"}],"author":[{"embeddable":true,"href":"https:\/\/www.garnigarten.it\/en\/wp-json\/wp\/v2\/users\/2"}],"replies":[{"embeddable":true,"href":"https:\/\/www.garnigarten.it\/en\/wp-json\/wp\/v2\/comments?post=1597"}],"version-history":[{"count":2,"href":"https:\/\/www.garnigarten.it\/en\/wp-json\/wp\/v2\/pages\/1597\/revisions"}],"predecessor-version":[{"id":1599,"href":"https:\/\/www.garnigarten.it\/en\/wp-json\/wp\/v2\/pages\/1597\/revisions\/1599"}],"wp:attachment":[{"href":"https:\/\/www.garnigarten.it\/en\/wp-json\/wp\/v2\/media?parent=1597"}],"curies":[{"name":"wp","href":"https:\/\/api.w.org\/{rel}","templated":true}]}}