{"id":1600,"date":"2019-11-27T09:46:23","date_gmt":"2019-11-27T09:46:23","guid":{"rendered":"https:\/\/www.garnigarten.it\/?page_id=1600"},"modified":"2019-11-27T09:48:38","modified_gmt":"2019-11-27T09:48:38","slug":"booking-policy","status":"publish","type":"page","link":"https:\/\/www.garnigarten.it\/en\/booking-policy\/","title":{"rendered":"Booking Policy"},"content":{"rendered":"<section class=\"l-section wpb_row height_medium\"><div class=\"l-section-h i-cf\"><div class=\"g-cols vc_row via_flex valign_top type_default stacking_default\"><div class=\"vc_col-sm-12 wpb_column vc_column_container\"><div class=\"vc_column-inner\"><div class=\"wpb_wrapper\">[vc_custom_heading text=&#8221;Booking policy&#8221; google_fonts=&#8221;font_family:Raleway%3A100%2C200%2C300%2Cregular%2C500%2C600%2C700%2C800%2C900|font_style:500%20bold%20regular%3A500%3Anormal&#8221;]<div class=\"wpb_text_column\"><div class=\"wpb_wrapper\"><p><strong>Condizioni di prenotazione<\/strong><\/p>\n<ul>\n<li>La conferma di una prenotazione da parte del cliente \u00e8 richiesta per forma scritta, ovvero via e-mail, in seguito alla quale verranno forniti i dati bancari per effettuare il bonifico a titolo di caparra confirmatoria pari al 30% del totale dovuto, da pagarsi entro il termine indicato;<\/li>\n<li>In caso di \u201cofferta prenota prima\u201d, viene richiesto il pagamento del totale dovuto in via anticipata a mezzo bonifico;<br \/>\nUna volta eseguito il bonifico si richiede copia della distinta e numero di cellulare da inviare via e-mail, e, verificato l\u2019arrivo della caparra, seguir\u00e0 la conferma scritta da parte della segreteria dell\u2019hotel;<\/li>\n<li>Qualora il bonifico non venga effettuato entro il termine richiesto, per qualsivoglia motivo, la camera verr\u00e0 automaticamente svincolata e la prenotazione annullata;<\/li>\n<li>In caso di modifica di date e \/o numero di persone presenti, il preventivo verr\u00e0 annullato e si provveder\u00e0 a rielaborarne uno nuovo.<\/li>\n<\/ul>\n<p><strong>Disdetta e\/o partenza anticipata<\/strong><br \/>\nUna volta versata la caparra, in caso di disdetta e\/o partenza anticipata, saranno applicate le seguenti modalit\u00e0 in linea con il regolamento interno della struttura:<\/p>\n<ul>\n<li>Con disdetta fino a 30 giorni prima della data di arrivo del cliente, verr\u00e0 reso allo stesso il 50% della caparra gi\u00e0 versata, mentre il restante 50% sar\u00e0 trattenuto dalla struttura;<\/li>\n<li>Con disdetta dal 29\u00b0 giorno, al giorno stesso dell\u2019arrivo del cliente, sar\u00e0 trattenuto l\u2019intero ammontare versato a titolo di caparra confirmatoria;<\/li>\n<li>In caso di partenza anticipata per qualsivoglia motivo, la caparra non sar\u00e0 rimborsata, e verr\u00e0 inoltre addebitato al cliente l\u2019intero ammontare dovuto per il soggiorno previsto come da conferma.<\/li>\n<\/ul>\n<\/div><\/div><\/div><\/div><\/div><\/div><\/div><\/section>\n","protected":false},"excerpt":{"rendered":"[vc_custom_heading text=\"Booking policy\" google_fonts=\"font_family:Raleway%3A100%2C200%2C300%2Cregular%2C500%2C600%2C700%2C800%2C900|font_style:500%20bold%20regular%3A500%3Anormal\"]Condizioni di prenotazione La conferma di una prenotazione da parte del cliente \u00e8 richiesta per forma scritta, ovvero via e-mail, in seguito alla quale verranno forniti i dati bancari per effettuare il bonifico a titolo di caparra confirmatoria pari al 30% del totale dovuto, da pagarsi entro il termine indicato; In caso...","protected":false},"author":2,"featured_media":0,"parent":0,"menu_order":0,"comment_status":"closed","ping_status":"closed","template":"","meta":{"footnotes":""},"class_list":["post-1600","page","type-page","status-publish","hentry"],"yoast_head":"<!-- This site is optimized with the Yoast SEO plugin v27.4 - https:\/\/yoast.com\/product\/yoast-seo-wordpress\/ -->\n<title>Booking Policy - Garni Garten Milano Marittima<\/title>\n<meta name=\"robots\" content=\"index, follow, max-snippet:-1, max-image-preview:large, max-video-preview:-1\" \/>\n<link rel=\"canonical\" href=\"https:\/\/www.garnigarten.it\/en\/booking-policy\/\" \/>\n<meta property=\"og:locale\" content=\"en_US\" \/>\n<meta property=\"og:type\" content=\"article\" \/>\n<meta property=\"og:title\" content=\"Booking Policy - Garni Garten Milano Marittima\" \/>\n<meta property=\"og:url\" content=\"https:\/\/www.garnigarten.it\/en\/booking-policy\/\" \/>\n<meta property=\"og:site_name\" content=\"Garni Garten Milano Marittima\" \/>\n<meta property=\"article:modified_time\" content=\"2019-11-27T09:48:38+00:00\" \/>\n<meta name=\"twitter:card\" content=\"summary_large_image\" \/>\n<meta name=\"twitter:label1\" content=\"Est. reading time\" \/>\n\t<meta name=\"twitter:data1\" content=\"1 minute\" \/>\n<script type=\"application\/ld+json\" class=\"yoast-schema-graph\">{\"@context\":\"https:\\\/\\\/schema.org\",\"@graph\":[{\"@type\":\"WebPage\",\"@id\":\"https:\\\/\\\/www.garnigarten.it\\\/en\\\/booking-policy\\\/\",\"url\":\"https:\\\/\\\/www.garnigarten.it\\\/en\\\/booking-policy\\\/\",\"name\":\"Booking Policy - Garni Garten Milano Marittima\",\"isPartOf\":{\"@id\":\"https:\\\/\\\/www.garnigarten.it\\\/en\\\/#website\"},\"datePublished\":\"2019-11-27T09:46:23+00:00\",\"dateModified\":\"2019-11-27T09:48:38+00:00\",\"breadcrumb\":{\"@id\":\"https:\\\/\\\/www.garnigarten.it\\\/en\\\/booking-policy\\\/#breadcrumb\"},\"inLanguage\":\"en-US\",\"potentialAction\":[{\"@type\":\"ReadAction\",\"target\":[\"https:\\\/\\\/www.garnigarten.it\\\/en\\\/booking-policy\\\/\"]}]},{\"@type\":\"BreadcrumbList\",\"@id\":\"https:\\\/\\\/www.garnigarten.it\\\/en\\\/booking-policy\\\/#breadcrumb\",\"itemListElement\":[{\"@type\":\"ListItem\",\"position\":1,\"name\":\"Home\",\"item\":\"https:\\\/\\\/www.garnigarten.it\\\/en\\\/\"},{\"@type\":\"ListItem\",\"position\":2,\"name\":\"Booking Policy\"}]},{\"@type\":\"WebSite\",\"@id\":\"https:\\\/\\\/www.garnigarten.it\\\/en\\\/#website\",\"url\":\"https:\\\/\\\/www.garnigarten.it\\\/en\\\/\",\"name\":\"Garni Garten Milano Marittima\",\"description\":\"\",\"potentialAction\":[{\"@type\":\"SearchAction\",\"target\":{\"@type\":\"EntryPoint\",\"urlTemplate\":\"https:\\\/\\\/www.garnigarten.it\\\/en\\\/?s={search_term_string}\"},\"query-input\":{\"@type\":\"PropertyValueSpecification\",\"valueRequired\":true,\"valueName\":\"search_term_string\"}}],\"inLanguage\":\"en-US\"}]}<\/script>\n<!-- \/ Yoast SEO plugin. -->","yoast_head_json":{"title":"Booking Policy - Garni Garten Milano Marittima","robots":{"index":"index","follow":"follow","max-snippet":"max-snippet:-1","max-image-preview":"max-image-preview:large","max-video-preview":"max-video-preview:-1"},"canonical":"https:\/\/www.garnigarten.it\/en\/booking-policy\/","og_locale":"en_US","og_type":"article","og_title":"Booking Policy - Garni Garten Milano Marittima","og_url":"https:\/\/www.garnigarten.it\/en\/booking-policy\/","og_site_name":"Garni Garten Milano Marittima","article_modified_time":"2019-11-27T09:48:38+00:00","twitter_card":"summary_large_image","twitter_misc":{"Est. reading time":"1 minute"},"schema":{"@context":"https:\/\/schema.org","@graph":[{"@type":"WebPage","@id":"https:\/\/www.garnigarten.it\/en\/booking-policy\/","url":"https:\/\/www.garnigarten.it\/en\/booking-policy\/","name":"Booking Policy - Garni Garten Milano Marittima","isPartOf":{"@id":"https:\/\/www.garnigarten.it\/en\/#website"},"datePublished":"2019-11-27T09:46:23+00:00","dateModified":"2019-11-27T09:48:38+00:00","breadcrumb":{"@id":"https:\/\/www.garnigarten.it\/en\/booking-policy\/#breadcrumb"},"inLanguage":"en-US","potentialAction":[{"@type":"ReadAction","target":["https:\/\/www.garnigarten.it\/en\/booking-policy\/"]}]},{"@type":"BreadcrumbList","@id":"https:\/\/www.garnigarten.it\/en\/booking-policy\/#breadcrumb","itemListElement":[{"@type":"ListItem","position":1,"name":"Home","item":"https:\/\/www.garnigarten.it\/en\/"},{"@type":"ListItem","position":2,"name":"Booking Policy"}]},{"@type":"WebSite","@id":"https:\/\/www.garnigarten.it\/en\/#website","url":"https:\/\/www.garnigarten.it\/en\/","name":"Garni Garten Milano Marittima","description":"","potentialAction":[{"@type":"SearchAction","target":{"@type":"EntryPoint","urlTemplate":"https:\/\/www.garnigarten.it\/en\/?s={search_term_string}"},"query-input":{"@type":"PropertyValueSpecification","valueRequired":true,"valueName":"search_term_string"}}],"inLanguage":"en-US"}]}},"_links":{"self":[{"href":"https:\/\/www.garnigarten.it\/en\/wp-json\/wp\/v2\/pages\/1600","targetHints":{"allow":["GET"]}}],"collection":[{"href":"https:\/\/www.garnigarten.it\/en\/wp-json\/wp\/v2\/pages"}],"about":[{"href":"https:\/\/www.garnigarten.it\/en\/wp-json\/wp\/v2\/types\/page"}],"author":[{"embeddable":true,"href":"https:\/\/www.garnigarten.it\/en\/wp-json\/wp\/v2\/users\/2"}],"replies":[{"embeddable":true,"href":"https:\/\/www.garnigarten.it\/en\/wp-json\/wp\/v2\/comments?post=1600"}],"version-history":[{"count":4,"href":"https:\/\/www.garnigarten.it\/en\/wp-json\/wp\/v2\/pages\/1600\/revisions"}],"predecessor-version":[{"id":1604,"href":"https:\/\/www.garnigarten.it\/en\/wp-json\/wp\/v2\/pages\/1600\/revisions\/1604"}],"wp:attachment":[{"href":"https:\/\/www.garnigarten.it\/en\/wp-json\/wp\/v2\/media?parent=1600"}],"curies":[{"name":"wp","href":"https:\/\/api.w.org\/{rel}","templated":true}]}}